{"id":17,"date":"2024-07-29T11:35:39","date_gmt":"2024-07-29T09:35:39","guid":{"rendered":"https:\/\/group-bma.com\/?page_id=17"},"modified":"2024-08-14T23:12:38","modified_gmt":"2024-08-14T21:12:38","slug":"nos-services","status":"publish","type":"page","link":"https:\/\/group-bma.com\/index.php\/nos-services\/","title":{"rendered":"Nos services"},"content":{"rendered":"\t\t<div data-elementor-type=\"wp-page\" data-elementor-id=\"17\" class=\"elementor elementor-17\" data-elementor-post-type=\"page\">\n\t\t\t\t<div class=\"elementor-element elementor-element-4890996 e-flex e-con-boxed e-con e-parent\" data-id=\"4890996\" data-element_type=\"container\" data-e-type=\"container\">\n\t\t\t\t\t<div class=\"e-con-inner\">\n\t\t\t\t\t<\/div>\n\t\t\t\t<\/div>\n\t\t<div class=\"elementor-element elementor-element-5769806 e-flex e-con-boxed e-con e-parent\" data-id=\"5769806\" data-element_type=\"container\" data-e-type=\"container\">\n\t\t\t\t\t<div class=\"e-con-inner\">\n\t\t\t\t<div class=\"elementor-element elementor-element-8e6a75e elementor-widget elementor-widget-spacer\" data-id=\"8e6a75e\" data-element_type=\"widget\" data-e-type=\"widget\" data-widget_type=\"spacer.default\">\n\t\t\t\t<div class=\"elementor-widget-container\">\n\t\t\t\t\t\t\t<div class=\"elementor-spacer\">\n\t\t\t<div class=\"elementor-spacer-inner\"><\/div>\n\t\t<\/div>\n\t\t\t\t\t\t<\/div>\n\t\t\t\t<\/div>\n\t\t\t\t\t<\/div>\n\t\t\t\t<\/div>\n\t\t<div class=\"elementor-element elementor-element-fa62f63 e-flex e-con-boxed e-con e-parent\" data-id=\"fa62f63\" data-element_type=\"container\" data-e-type=\"container\">\n\t\t\t\t\t<div class=\"e-con-inner\">\n\t\t<div class=\"elementor-element elementor-element-09c0a19 e-con-full e-flex e-con e-child\" data-id=\"09c0a19\" data-element_type=\"container\" data-e-type=\"container\">\n\t\t\t\t<div class=\"elementor-element elementor-element-6ca7d1c elementor-widget elementor-widget-image\" data-id=\"6ca7d1c\" data-element_type=\"widget\" data-e-type=\"widget\" data-widget_type=\"image.default\">\n\t\t\t\t<div class=\"elementor-widget-container\">\n\t\t\t\t\t\t\t\t\t\t\t\t\t\t\t<img decoding=\"async\" src=\"https:\/\/group-bma.com\/wp-content\/uploads\/2024\/08\/Capture-decran-2024-08-14-a-22.51.08.png\" title=\"Capture d\u2019\u00e9cran 2024-08-14 \u00e0 22.51.08\" alt=\"Capture d\u2019\u00e9cran 2024-08-14 \u00e0 22.51.08\" loading=\"lazy\" \/>\t\t\t\t\t\t\t\t\t\t\t\t\t\t\t<\/div>\n\t\t\t\t<\/div>\n\t\t\t\t<\/div>\n\t\t<div class=\"elementor-element elementor-element-7fadac4 e-con-full e-flex e-con e-child\" data-id=\"7fadac4\" data-element_type=\"container\" data-e-type=\"container\">\n\t\t\t\t<div class=\"elementor-element elementor-element-0600a83 elementor-widget elementor-widget-image\" data-id=\"0600a83\" data-element_type=\"widget\" data-e-type=\"widget\" data-widget_type=\"image.default\">\n\t\t\t\t<div class=\"elementor-widget-container\">\n\t\t\t\t\t\t\t\t\t\t\t\t\t\t\t<img fetchpriority=\"high\" decoding=\"async\" width=\"441\" height=\"243\" src=\"https:\/\/group-bma.com\/wp-content\/uploads\/2024\/08\/amengamenet-ex-.jpg\" class=\"attachment-large size-large wp-image-153\" alt=\"\" srcset=\"https:\/\/group-bma.com\/wp-content\/uploads\/2024\/08\/amengamenet-ex-.jpg 441w, https:\/\/group-bma.com\/wp-content\/uploads\/2024\/08\/amengamenet-ex--300x165.jpg 300w\" sizes=\"(max-width: 441px) 100vw, 441px\" \/>\t\t\t\t\t\t\t\t\t\t\t\t\t\t\t<\/div>\n\t\t\t\t<\/div>\n\t\t\t\t<\/div>\n\t\t<div class=\"elementor-element elementor-element-96b0bb8 e-con-full e-flex e-con e-child\" data-id=\"96b0bb8\" data-element_type=\"container\" data-e-type=\"container\">\n\t\t\t\t<\/div>\n\t\t<div class=\"elementor-element elementor-element-ef47f6e e-con-full e-flex e-con e-child\" data-id=\"ef47f6e\" data-element_type=\"container\" data-e-type=\"container\">\n\t\t\t\t<div class=\"elementor-element elementor-element-e988d35 elementor-widget elementor-widget-heading\" data-id=\"e988d35\" data-element_type=\"widget\" data-e-type=\"widget\" data-widget_type=\"heading.default\">\n\t\t\t\t<div class=\"elementor-widget-container\">\n\t\t\t\t\t<h6 class=\"elementor-heading-title elementor-size-default\">Am\u00e9nagement int\u00e9rieur <\/h6>\t\t\t\t<\/div>\n\t\t\t\t<\/div>\n\t\t\t\t<div class=\"elementor-element elementor-element-9efa4a7 elementor-widget elementor-widget-text-editor\" data-id=\"9efa4a7\" data-element_type=\"widget\" data-e-type=\"widget\" data-widget_type=\"text-editor.default\">\n\t\t\t\t<div class=\"elementor-widget-container\">\n\t\t\t\t\t\t\t\t\t<p>Agencement de magasin, de cr\u00e8ches, restaurants, de bureau<\/p>\t\t\t\t\t\t\t\t<\/div>\n\t\t\t\t<\/div>\n\t\t\t\t<\/div>\n\t\t<div class=\"elementor-element elementor-element-6c43467 e-con-full e-flex e-con e-child\" data-id=\"6c43467\" data-element_type=\"container\" data-e-type=\"container\">\n\t\t\t\t<div class=\"elementor-element elementor-element-6dd12a5 elementor-widget elementor-widget-heading\" data-id=\"6dd12a5\" data-element_type=\"widget\" data-e-type=\"widget\" data-widget_type=\"heading.default\">\n\t\t\t\t<div class=\"elementor-widget-container\">\n\t\t\t\t\t<h6 class=\"elementor-heading-title elementor-size-default\">Am\u00e9nagement ext\u00e9rieur<\/h6>\t\t\t\t<\/div>\n\t\t\t\t<\/div>\n\t\t\t\t<div class=\"elementor-element elementor-element-49e3527 elementor-widget elementor-widget-text-editor\" data-id=\"49e3527\" data-element_type=\"widget\" data-e-type=\"widget\" data-widget_type=\"text-editor.default\">\n\t\t\t\t<div class=\"elementor-widget-container\">\n\t\t\t\t\t\t\t\t\t<p>Agencement de magasin, de cr\u00e8ches, restaurants, de bureau<\/p>\t\t\t\t\t\t\t\t<\/div>\n\t\t\t\t<\/div>\n\t\t\t\t<\/div>\n\t\t<div class=\"elementor-element elementor-element-2c8cb13 e-con-full e-flex e-con e-child\" data-id=\"2c8cb13\" data-element_type=\"container\" data-e-type=\"container\">\n\t\t\t\t<div class=\"elementor-element elementor-element-affe41f elementor-widget elementor-widget-heading\" data-id=\"affe41f\" data-element_type=\"widget\" data-e-type=\"widget\" data-widget_type=\"heading.default\">\n\t\t\t\t<div class=\"elementor-widget-container\">\n\t\t\t\t\t<h6 class=\"elementor-heading-title elementor-size-default\">Am\u00e9nagement int\u00e9rieur <\/h6>\t\t\t\t<\/div>\n\t\t\t\t<\/div>\n\t\t\t\t<div class=\"elementor-element elementor-element-87a78b9 elementor-widget elementor-widget-text-editor\" data-id=\"87a78b9\" data-element_type=\"widget\" data-e-type=\"widget\" data-widget_type=\"text-editor.default\">\n\t\t\t\t<div class=\"elementor-widget-container\">\n\t\t\t\t\t\t\t\t\t<p>Agencement de magasin, de cr\u00e8ches, restaurants, de bureau<\/p>\t\t\t\t\t\t\t\t<\/div>\n\t\t\t\t<\/div>\n\t\t\t\t<\/div>\n\t\t\t\t\t<\/div>\n\t\t\t\t<\/div>\n\t\t\t\t<\/div>\n\t\t","protected":false},"excerpt":{"rendered":"<p>Am\u00e9nagement int\u00e9rieur Agencement de magasin, de cr\u00e8ches, restaurants, de bureau Am\u00e9nagement ext\u00e9rieur Agencement de magasin, de cr\u00e8ches, restaurants, de bureau [&hellip;]<\/p>\n","protected":false},"author":1,"featured_media":0,"parent":0,"menu_order":0,"comment_status":"closed","ping_status":"closed","template":"","meta":{"site-sidebar-layout":"no-sidebar","site-content-layout":"","ast-site-content-layout":"full-width-container","site-content-style":"default","site-sidebar-style":"default","ast-global-header-display":"","ast-banner-title-visibility":"","ast-main-header-display":"","ast-hfb-above-header-display":"","ast-hfb-below-header-display":"","ast-hfb-mobile-header-display":"","site-post-title":"disabled","ast-breadcrumbs-content":"","ast-featured-img":"disabled","footer-sml-layout":"","theme-transparent-header-meta":"","adv-header-id-meta":"","stick-header-meta":"","header-above-stick-meta":"","header-main-stick-meta":"","header-below-stick-meta":"","astra-migrate-meta-layouts":"default","ast-page-background-enabled":"default","ast-page-background-meta":{"desktop":{"background-color":"var(--ast-global-color-4)","background-image":"","background-repeat":"repeat","background-position":"center center","background-size":"auto","background-attachment":"scroll","background-type":"","background-media":"","overlay-type":"","overlay-color":"","overlay-opacity":"","overlay-gradient":""},"tablet":{"background-color":"","background-image":"","background-repeat":"repeat","background-position":"center center","background-size":"auto","background-attachment":"scroll","background-type":"","background-media":"","overlay-type":"","overlay-color":"","overlay-opacity":"","overlay-gradient":""},"mobile":{"background-color":"","background-image":"","background-repeat":"repeat","background-position":"center center","background-size":"auto","background-attachment":"scroll","background-type":"","background-media":"","overlay-type":"","overlay-color":"","overlay-opacity":"","overlay-gradient":""}},"ast-content-background-meta":{"desktop":{"background-color":"var(--ast-global-color-5)","background-image":"","background-repeat":"repeat","background-position":"center center","background-size":"auto","background-attachment":"scroll","background-type":"","background-media":"","overlay-type":"","overlay-color":"","overlay-opacity":"","overlay-gradient":""},"tablet":{"background-color":"var(--ast-global-color-5)","background-image":"","background-repeat":"repeat","background-position":"center center","background-size":"auto","background-attachment":"scroll","background-type":"","background-media":"","overlay-type":"","overlay-color":"","overlay-opacity":"","overlay-gradient":""},"mobile":{"background-color":"var(--ast-global-color-5)","background-image":"","background-repeat":"repeat","background-position":"center center","background-size":"auto","background-attachment":"scroll","background-type":"","background-media":"","overlay-type":"","overlay-color":"","overlay-opacity":"","overlay-gradient":""}},"footnotes":""},"class_list":["post-17","page","type-page","status-publish","hentry"],"yoast_head":"<!-- This site is optimized with the Yoast SEO plugin v23.3 - https:\/\/yoast.com\/wordpress\/plugins\/seo\/ -->\n<title>Nos services -<\/title>\n<meta name=\"robots\" content=\"index, follow, max-snippet:-1, max-image-preview:large, max-video-preview:-1\" \/>\n<link rel=\"canonical\" href=\"https:\/\/group-bma.com\/index.php\/nos-services\/\" \/>\n<meta property=\"og:locale\" content=\"en_US\" \/>\n<meta property=\"og:type\" content=\"article\" \/>\n<meta property=\"og:title\" content=\"Nos services -\" \/>\n<meta property=\"og:description\" content=\"Am\u00e9nagement int\u00e9rieur Agencement de magasin, de cr\u00e8ches, restaurants, de bureau Am\u00e9nagement ext\u00e9rieur Agencement de magasin, de cr\u00e8ches, restaurants, de bureau [&hellip;]\" \/>\n<meta property=\"og:url\" content=\"https:\/\/group-bma.com\/index.php\/nos-services\/\" \/>\n<meta property=\"article:modified_time\" content=\"2024-08-14T21:12:38+00:00\" \/>\n<meta property=\"og:image\" content=\"http:\/\/group-bma.com\/wp-content\/uploads\/elementor\/thumbs\/Capture-decran-2024-08-14-a-22.51.08-qsm4bpb13sv8ck0piox721w6dujmkm35k2si56k52w.png\" \/>\n<meta name=\"twitter:card\" content=\"summary_large_image\" \/>\n<meta name=\"twitter:label1\" content=\"Est. reading time\" \/>\n\t<meta name=\"twitter:data1\" content=\"1 minute\" \/>\n<script type=\"application\/ld+json\" class=\"yoast-schema-graph\">{\"@context\":\"https:\/\/schema.org\",\"@graph\":[{\"@type\":\"WebPage\",\"@id\":\"https:\/\/group-bma.com\/index.php\/nos-services\/\",\"url\":\"https:\/\/group-bma.com\/index.php\/nos-services\/\",\"name\":\"Nos services -\",\"isPartOf\":{\"@id\":\"https:\/\/group-bma.com\/#website\"},\"primaryImageOfPage\":{\"@id\":\"https:\/\/group-bma.com\/index.php\/nos-services\/#primaryimage\"},\"image\":{\"@id\":\"https:\/\/group-bma.com\/index.php\/nos-services\/#primaryimage\"},\"thumbnailUrl\":\"http:\/\/group-bma.com\/wp-content\/uploads\/elementor\/thumbs\/Capture-decran-2024-08-14-a-22.51.08-qsm4bpb13sv8ck0piox721w6dujmkm35k2si56k52w.png\",\"datePublished\":\"2024-07-29T09:35:39+00:00\",\"dateModified\":\"2024-08-14T21:12:38+00:00\",\"breadcrumb\":{\"@id\":\"https:\/\/group-bma.com\/index.php\/nos-services\/#breadcrumb\"},\"inLanguage\":\"en-US\",\"potentialAction\":[{\"@type\":\"ReadAction\",\"target\":[\"https:\/\/group-bma.com\/index.php\/nos-services\/\"]}]},{\"@type\":\"ImageObject\",\"inLanguage\":\"en-US\",\"@id\":\"https:\/\/group-bma.com\/index.php\/nos-services\/#primaryimage\",\"url\":\"http:\/\/group-bma.com\/wp-content\/uploads\/elementor\/thumbs\/Capture-decran-2024-08-14-a-22.51.08-qsm4bpb13sv8ck0piox721w6dujmkm35k2si56k52w.png\",\"contentUrl\":\"http:\/\/group-bma.com\/wp-content\/uploads\/elementor\/thumbs\/Capture-decran-2024-08-14-a-22.51.08-qsm4bpb13sv8ck0piox721w6dujmkm35k2si56k52w.png\"},{\"@type\":\"BreadcrumbList\",\"@id\":\"https:\/\/group-bma.com\/index.php\/nos-services\/#breadcrumb\",\"itemListElement\":[{\"@type\":\"ListItem\",\"position\":1,\"name\":\"Accueil\",\"item\":\"https:\/\/group-bma.com\/\"},{\"@type\":\"ListItem\",\"position\":2,\"name\":\"Nos services\"}]},{\"@type\":\"WebSite\",\"@id\":\"https:\/\/group-bma.com\/#website\",\"url\":\"https:\/\/group-bma.com\/\",\"name\":\"\",\"description\":\"Un site utilisant WordPress\",\"potentialAction\":[{\"@type\":\"SearchAction\",\"target\":{\"@type\":\"EntryPoint\",\"urlTemplate\":\"https:\/\/group-bma.com\/?s={search_term_string}\"},\"query-input\":\"required name=search_term_string\"}],\"inLanguage\":\"en-US\"}]}<\/script>\n<!-- \/ Yoast SEO plugin. -->","yoast_head_json":{"title":"Nos services -","robots":{"index":"index","follow":"follow","max-snippet":"max-snippet:-1","max-image-preview":"max-image-preview:large","max-video-preview":"max-video-preview:-1"},"canonical":"https:\/\/group-bma.com\/index.php\/nos-services\/","og_locale":"en_US","og_type":"article","og_title":"Nos services -","og_description":"Am\u00e9nagement int\u00e9rieur Agencement de magasin, de cr\u00e8ches, restaurants, de bureau Am\u00e9nagement ext\u00e9rieur Agencement de magasin, de cr\u00e8ches, restaurants, de bureau [&hellip;]","og_url":"https:\/\/group-bma.com\/index.php\/nos-services\/","article_modified_time":"2024-08-14T21:12:38+00:00","og_image":[{"url":"http:\/\/group-bma.com\/wp-content\/uploads\/elementor\/thumbs\/Capture-decran-2024-08-14-a-22.51.08-qsm4bpb13sv8ck0piox721w6dujmkm35k2si56k52w.png"}],"twitter_card":"summary_large_image","twitter_misc":{"Est. reading time":"1 minute"},"schema":{"@context":"https:\/\/schema.org","@graph":[{"@type":"WebPage","@id":"https:\/\/group-bma.com\/index.php\/nos-services\/","url":"https:\/\/group-bma.com\/index.php\/nos-services\/","name":"Nos services -","isPartOf":{"@id":"https:\/\/group-bma.com\/#website"},"primaryImageOfPage":{"@id":"https:\/\/group-bma.com\/index.php\/nos-services\/#primaryimage"},"image":{"@id":"https:\/\/group-bma.com\/index.php\/nos-services\/#primaryimage"},"thumbnailUrl":"http:\/\/group-bma.com\/wp-content\/uploads\/elementor\/thumbs\/Capture-decran-2024-08-14-a-22.51.08-qsm4bpb13sv8ck0piox721w6dujmkm35k2si56k52w.png","datePublished":"2024-07-29T09:35:39+00:00","dateModified":"2024-08-14T21:12:38+00:00","breadcrumb":{"@id":"https:\/\/group-bma.com\/index.php\/nos-services\/#breadcrumb"},"inLanguage":"en-US","potentialAction":[{"@type":"ReadAction","target":["https:\/\/group-bma.com\/index.php\/nos-services\/"]}]},{"@type":"ImageObject","inLanguage":"en-US","@id":"https:\/\/group-bma.com\/index.php\/nos-services\/#primaryimage","url":"http:\/\/group-bma.com\/wp-content\/uploads\/elementor\/thumbs\/Capture-decran-2024-08-14-a-22.51.08-qsm4bpb13sv8ck0piox721w6dujmkm35k2si56k52w.png","contentUrl":"http:\/\/group-bma.com\/wp-content\/uploads\/elementor\/thumbs\/Capture-decran-2024-08-14-a-22.51.08-qsm4bpb13sv8ck0piox721w6dujmkm35k2si56k52w.png"},{"@type":"BreadcrumbList","@id":"https:\/\/group-bma.com\/index.php\/nos-services\/#breadcrumb","itemListElement":[{"@type":"ListItem","position":1,"name":"Accueil","item":"https:\/\/group-bma.com\/"},{"@type":"ListItem","position":2,"name":"Nos services"}]},{"@type":"WebSite","@id":"https:\/\/group-bma.com\/#website","url":"https:\/\/group-bma.com\/","name":"","description":"Un site utilisant WordPress","potentialAction":[{"@type":"SearchAction","target":{"@type":"EntryPoint","urlTemplate":"https:\/\/group-bma.com\/?s={search_term_string}"},"query-input":"required name=search_term_string"}],"inLanguage":"en-US"}]}},"_links":{"self":[{"href":"https:\/\/group-bma.com\/index.php\/wp-json\/wp\/v2\/pages\/17","targetHints":{"allow":["GET"]}}],"collection":[{"href":"https:\/\/group-bma.com\/index.php\/wp-json\/wp\/v2\/pages"}],"about":[{"href":"https:\/\/group-bma.com\/index.php\/wp-json\/wp\/v2\/types\/page"}],"author":[{"embeddable":true,"href":"https:\/\/group-bma.com\/index.php\/wp-json\/wp\/v2\/users\/1"}],"replies":[{"embeddable":true,"href":"https:\/\/group-bma.com\/index.php\/wp-json\/wp\/v2\/comments?post=17"}],"version-history":[{"count":25,"href":"https:\/\/group-bma.com\/index.php\/wp-json\/wp\/v2\/pages\/17\/revisions"}],"predecessor-version":[{"id":156,"href":"https:\/\/group-bma.com\/index.php\/wp-json\/wp\/v2\/pages\/17\/revisions\/156"}],"wp:attachment":[{"href":"https:\/\/group-bma.com\/index.php\/wp-json\/wp\/v2\/media?parent=17"}],"curies":[{"name":"wp","href":"https:\/\/api.w.org\/{rel}","templated":true}]}}